{"id":105,"date":"2021-01-13T15:57:29","date_gmt":"2021-01-13T15:57:29","guid":{"rendered":"http:\/\/tme-kfz.de\/?page_id=105"},"modified":"2021-01-13T16:09:10","modified_gmt":"2021-01-13T16:09:10","slug":"impressum","status":"publish","type":"page","link":"https:\/\/tme-kfz.de\/?page_id=105","title":{"rendered":"Impressum"},"content":{"rendered":"\n<h2>Impressum<\/h2>\n<p>Tobias Emig<br>\nTME &#8211; Ihr KFZ-Meisterbetrieb<br>Volkerstr. 24<br>64689 Grasellenbach<\/p>\n<p>Telefon: 06207-82515<br>\nTelefax: 6207-82518<br>\nE-Mail: tme-kfz(at)t-online.de<\/a><br>\n<\/p>\n<p><strong>Umsatzsteuer-ID: <\/strong><br>Umsatzsteuer-Identifikationsnummer nach \u00a727a Umsatzsteuergesetz:<br>DE319357071<\/p><strong>Aufsichtsbeh\u00f6rde: <\/strong>HWK Rhein Main<br>Berufsbezeichnung: Kraftfahrzeugtechnikermeister<br>Kammer: HWK Rhein-Main<br>Berufsbezeichnung verliehen im Land: Deutschland<br>Regelungen: Selbstst\u00e4ndige Aus\u00fcbung des Kraftfahrzeugtechniker-Handwerks als stehendes Gewerbe. Die Aus\u00fcbung des Handwerks setzt nur voraus, dass der (technische) Betriebsleiter f\u00fcr das Handwerk oder f\u00fcr ein verwandtes Handwerk qualifiziert ist (\u00a7 7 Abs. 1 S. 1 HwO). Eine vergleichbare Qualifikation ist auch f\u00fcr die Ausbildung erforderlich. Aus-, Um- und Nachr\u00fcstung, Wartung und Instandsetzung von Kraftfahrzeugen unter Ber\u00fccksichtigung gesundheitsrechtlicher, umweltrechtlicher, stra\u00dfenverkehrsrechtlicher und stra\u00dfenzulassungsrechtlicher Vorschriften. Hierbei ist nur der Kernbereich der T\u00e4tigkeit erfasst, nicht so genannte einfache T\u00e4tigkeiten, z. B. solche, die innerhalb von drei Monaten erlernt werden k\u00f6nnen.<br>Link: <a href=\"http:\/\/www.gesetze-im-internet.de\/bundesrecht\/hwo\/gesamt.pdf\">http:\/\/www.gesetze-im-internet.de\/bundesrecht\/hwo\/gesamt.pdf<\/a><br><br>Schlichtungsstelle: Schiedsstelle des Kraftfahrzeuggewerbes Bergstra\u00dfe Werner-von-Siemens-Stra\u00dfe 30 64625 Bensheim Telefon: +49 251 1380<br>Sonstiges: <br><br><br><br><h2>Disclaimer \u2013 rechtliche Hinweise<\/h2>\n\u00a7 1 Warnhinweis zu Inhalten<br>\nDie kostenlosen und frei zug\u00e4nglichen Inhalte dieser Webseite wurden mit gr\u00f6\u00dftm\u00f6glicher Sorgfalt erstellt. Der Anbieter dieser Webseite \u00fcbernimmt jedoch keine Gew\u00e4hr f\u00fcr die Richtigkeit und Aktualit\u00e4t der bereitgestellten kostenlosen und frei zug\u00e4nglichen journalistischen Ratgeber und Nachrichten. Namentlich gekennzeichnete Beitr\u00e4ge geben die Meinung des jeweiligen Autors und nicht immer die Meinung des Anbieters wieder. Allein durch den Aufruf der kostenlosen und frei zug\u00e4nglichen Inhalte kommt keinerlei Vertragsverh\u00e4ltnis zwischen dem Nutzer und dem Anbieter zustande, insoweit fehlt es am Rechtsbindungswillen des Anbieters.<br>\n<br>\n\u00a7 2 Externe Links<br>\nDiese Website enth\u00e4lt Verkn\u00fcpfungen zu Websites Dritter (&#8222;externe Links&#8220;). Diese Websites unterliegen der Haftung der jeweiligen Betreiber. Der Anbieter hat bei der erstmaligen Verkn\u00fcpfung der externen Links die fremden Inhalte daraufhin \u00fcberpr\u00fcft, ob etwaige Rechtsverst\u00f6\u00dfe bestehen. Zu dem Zeitpunkt waren keine Rechtsverst\u00f6\u00dfe ersichtlich. Der Anbieter hat keinerlei Einfluss auf die aktuelle und zuk\u00fcnftige Gestaltung und auf die Inhalte der verkn\u00fcpften Seiten. Das Setzen von externen Links bedeutet nicht, dass sich der Anbieter die hinter dem Verweis oder Link liegenden Inhalte zu Eigen macht. Eine st\u00e4ndige Kontrolle der externen Links ist f\u00fcr den Anbieter ohne konkrete Hinweise auf Rechtsverst\u00f6\u00dfe nicht zumutbar. Bei Kenntnis von Rechtsverst\u00f6\u00dfen werden jedoch derartige externe Links unverz\u00fcglich gel\u00f6scht.<br>\n<br>\n\u00a7 3 Urheber- und Leistungsschutzrechte<br>\nDie auf dieser Website ver\u00f6ffentlichten Inhalte unterliegen dem deutschen Urheber- und Leistungsschutzrecht. Jede vom deutschen Urheber- und Leistungsschutzrecht nicht zugelassene Verwertung bedarf der vorherigen schriftlichen Zustimmung des Anbieters oder jeweiligen Rechteinhabers. Dies gilt insbesondere f\u00fcr Vervielf\u00e4ltigung, Bearbeitung, \u00dcbersetzung, Einspeicherung, Verarbeitung bzw. Wiedergabe von Inhalten in Datenbanken oder anderen elektronischen Medien und Systemen. Inhalte und Rechte Dritter sind dabei als solche gekennzeichnet. Die unerlaubte Vervielf\u00e4ltigung oder Weitergabe einzelner Inhalte oder kompletter Seiten ist nicht gestattet und strafbar. Lediglich die Herstellung von Kopien und Downloads f\u00fcr den pers\u00f6nlichen, privaten und nicht kommerziellen Gebrauch ist erlaubt.<br>\n<br>\nDie Darstellung dieser Website in fremden Frames ist nur mit schriftlicher Erlaubnis zul\u00e4ssig.<br>\n<br>\n\u00a7 4 Besondere Nutzungsbedingungen<br>\nSoweit besondere Bedingungen f\u00fcr einzelne Nutzungen dieser Website von den vorgenannten Paragraphen abweichen, wird an entsprechender Stelle ausdr\u00fccklich darauf hingewiesen. In diesem Falle gelten im jeweiligen Einzelfall die besonderen Nutzungsbedingungen.<p>Quelle: <a href=\"https:\/\/www.juraforum.de\/impressum-generator\/\">Jetzt Text ansehen<\/a><\/p>\n","protected":false},"excerpt":{"rendered":"<p>Impressum Tobias Emig TME &#8211; Ihr KFZ-MeisterbetriebVolkerstr. 2464689 Grasellenbach Telefon: 06207-82515 Telefax: 6207-82518 E-Mail: tme-kfz(at)t-online.de Umsatzsteuer-ID: Umsatzsteuer-Identifikationsnummer nach \u00a727a Umsatzsteuergesetz:DE319357071 Aufsichtsbeh\u00f6rde: HWK Rhein MainBerufsbezeichnung: KraftfahrzeugtechnikermeisterKammer: HWK Rhein-MainBerufsbezeichnung verliehen im Land: DeutschlandRegelungen: Selbstst\u00e4ndige Aus\u00fcbung des Kraftfahrzeugtechniker-Handwerks als stehendes Gewerbe. Die Aus\u00fcbung des Handwerks setzt nur voraus, dass der (technische) Betriebsleiter f\u00fcr das Handwerk oder f\u00fcr ein &hellip; <\/p>\n<p class=\"link-more\"><a href=\"https:\/\/tme-kfz.de\/?page_id=105\" class=\"more-link\"><span class=\"screen-reader-text\">\u201eImpressum\u201c <\/span>weiterlesen<\/a><\/p>\n","protected":false},"author":2,"featured_media":0,"parent":0,"menu_order":0,"comment_status":"closed","ping_status":"closed","template":"","meta":{"footnotes":""},"class_list":["post-105","page","type-page","status-publish","hentry"],"_links":{"self":[{"href":"https:\/\/tme-kfz.de\/index.php?rest_route=\/wp\/v2\/pages\/105","targetHints":{"allow":["GET"]}}],"collection":[{"href":"https:\/\/tme-kfz.de\/index.php?rest_route=\/wp\/v2\/pages"}],"about":[{"href":"https:\/\/tme-kfz.de\/index.php?rest_route=\/wp\/v2\/types\/page"}],"author":[{"embeddable":true,"href":"https:\/\/tme-kfz.de\/index.php?rest_route=\/wp\/v2\/users\/2"}],"replies":[{"embeddable":true,"href":"https:\/\/tme-kfz.de\/index.php?rest_route=%2Fwp%2Fv2%2Fcomments&post=105"}],"version-history":[{"count":8,"href":"https:\/\/tme-kfz.de\/index.php?rest_route=\/wp\/v2\/pages\/105\/revisions"}],"predecessor-version":[{"id":116,"href":"https:\/\/tme-kfz.de\/index.php?rest_route=\/wp\/v2\/pages\/105\/revisions\/116"}],"wp:attachment":[{"href":"https:\/\/tme-kfz.de\/index.php?rest_route=%2Fwp%2Fv2%2Fmedia&parent=105"}],"curies":[{"name":"wp","href":"https:\/\/api.w.org\/{rel}","templated":true}]}}